{"id":159,"date":"2024-06-18T23:57:02","date_gmt":"2024-06-18T21:57:02","guid":{"rendered":"https:\/\/colorhistoire.com\/?page_id=159"},"modified":"2024-06-21T19:06:31","modified_gmt":"2024-06-21T17:06:31","slug":"restauration-numerique","status":"publish","type":"page","link":"https:\/\/colorhistoire.com\/index.php\/restauration-numerique\/","title":{"rendered":"Restauration num\u00e9rique"},"content":{"rendered":"<p>La restauration num\u00e9rique de film permet une lecture plus confortable des images:<\/p>\n<ul>\n<li>En stabilisant les images<\/li>\n<li>En \u00e9liminant le pompage lumineux<\/li>\n<li>En corrigeant les d\u00e9formations de l&rsquo;image<\/li>\n<li>En retirant les rayures et poils de cam\u00e9ra<\/li>\n<li>En retirant les poussi\u00e8res, les t\u00e2ches et les d\u00e9chirures<\/li>\n<li>En d\u00e8grainnant et regrainant avec le grain d&rsquo;origine<\/li>\n<li>En am\u00e9liorant la nettet\u00e9<\/li>\n<\/ul>\n<p>Restauration num\u00e9rique possible jusqu&rsquo;\u00e0 une tr\u00e8s haute r\u00e9solution 8K.<\/p>\n<p>Pour les films d&rsquo;archives qui ont \u00e9t\u00e9 num\u00e9ris\u00e9s en basse d\u00e9finition, Color\u2019Histoire propose \u00e9galement un redimensionnement de l&rsquo;image en haute ou tr\u00e8s haute d\u00e9finition gr\u00e2ce \u00e0 l&rsquo;intelligence artificielle.<\/p>\n\n\n<figure class=\"wp-block-gallery has-nested-images columns-default is-cropped wp-block-gallery-1 is-layout-flex wp-block-gallery-is-layout-flex\">\n<figure class=\"wp-block-image size-large\"><img loading=\"lazy\" decoding=\"async\" width=\"1024\" height=\"286\" data-id=\"230\" src=\"https:\/\/colorhistoire.com\/wp-content\/uploads\/2024\/06\/Restauration-numerique-1-1024x286.png\" alt=\"Restauration num\u00e9rique 1\" class=\"wp-image-230\" srcset=\"https:\/\/colorhistoire.com\/wp-content\/uploads\/2024\/06\/Restauration-numerique-1-1024x286.png 1024w, https:\/\/colorhistoire.com\/wp-content\/uploads\/2024\/06\/Restauration-numerique-1-300x84.png 300w, https:\/\/colorhistoire.com\/wp-content\/uploads\/2024\/06\/Restauration-numerique-1-768x215.png 768w, https:\/\/colorhistoire.com\/wp-content\/uploads\/2024\/06\/Restauration-numerique-1-1536x430.png 1536w, https:\/\/colorhistoire.com\/wp-content\/uploads\/2024\/06\/Restauration-numerique-1.png 1920w\" sizes=\"auto, (max-width: 1024px) 100vw, 1024px\" \/><\/figure>\n<\/figure>\n\n\n\n<figure class=\"wp-block-gallery has-nested-images columns-default is-cropped wp-block-gallery-2 is-layout-flex wp-block-gallery-is-layout-flex\">\n<figure class=\"wp-block-image size-large\"><img loading=\"lazy\" decoding=\"async\" width=\"1024\" height=\"284\" data-id=\"234\" src=\"https:\/\/colorhistoire.com\/wp-content\/uploads\/2024\/06\/Restauration-numerique-2-1024x284.png\" alt=\"Restauration num\u00e9rique 2\" class=\"wp-image-234\" srcset=\"https:\/\/colorhistoire.com\/wp-content\/uploads\/2024\/06\/Restauration-numerique-2-1024x284.png 1024w, https:\/\/colorhistoire.com\/wp-content\/uploads\/2024\/06\/Restauration-numerique-2-300x83.png 300w, https:\/\/colorhistoire.com\/wp-content\/uploads\/2024\/06\/Restauration-numerique-2-768x213.png 768w, https:\/\/colorhistoire.com\/wp-content\/uploads\/2024\/06\/Restauration-numerique-2-1536x425.png 1536w, https:\/\/colorhistoire.com\/wp-content\/uploads\/2024\/06\/Restauration-numerique-2.png 1921w\" sizes=\"auto, (max-width: 1024px) 100vw, 1024px\" \/><\/figure>\n<\/figure>\n\n\n<p><a class=\"button-devis\" href=\"https:\/\/colorhistoire.com\/index.php\/contact\">DEVIS<\/a><\/p>","protected":false},"excerpt":{"rendered":"<p>La restauration num\u00e9rique de film permet une lecture plus confortable des images: En stabilisant les images En \u00e9liminant le pompage lumineux En corrigeant les d\u00e9formations de l&rsquo;image En retirant les rayures et poils de cam\u00e9ra En retirant les poussi\u00e8res, les t\u00e2ches et les d\u00e9chirures En d\u00e8grainnant et regrainant avec le grain d&rsquo;origine En am\u00e9liorant la <a class=\"more-link\" href=\"https:\/\/colorhistoire.com\/index.php\/restauration-numerique\/\">Lire plus &#8230;<\/a><\/p>\n","protected":false},"author":1,"featured_media":0,"parent":0,"menu_order":0,"comment_status":"closed","ping_status":"closed","template":"","meta":{"_monsterinsights_skip_tracking":false,"_monsterinsights_sitenote_active":false,"_monsterinsights_sitenote_note":"","_monsterinsights_sitenote_category":0,"footnotes":""},"class_list":["post-159","page","type-page","status-publish","hentry"],"aioseo_notices":[],"_links":{"self":[{"href":"https:\/\/colorhistoire.com\/index.php\/wp-json\/wp\/v2\/pages\/159","targetHints":{"allow":["GET"]}}],"collection":[{"href":"https:\/\/colorhistoire.com\/index.php\/wp-json\/wp\/v2\/pages"}],"about":[{"href":"https:\/\/colorhistoire.com\/index.php\/wp-json\/wp\/v2\/types\/page"}],"author":[{"embeddable":true,"href":"https:\/\/colorhistoire.com\/index.php\/wp-json\/wp\/v2\/users\/1"}],"replies":[{"embeddable":true,"href":"https:\/\/colorhistoire.com\/index.php\/wp-json\/wp\/v2\/comments?post=159"}],"version-history":[{"count":11,"href":"https:\/\/colorhistoire.com\/index.php\/wp-json\/wp\/v2\/pages\/159\/revisions"}],"predecessor-version":[{"id":235,"href":"https:\/\/colorhistoire.com\/index.php\/wp-json\/wp\/v2\/pages\/159\/revisions\/235"}],"wp:attachment":[{"href":"https:\/\/colorhistoire.com\/index.php\/wp-json\/wp\/v2\/media?parent=159"}],"curies":[{"name":"wp","href":"https:\/\/api.w.org\/{rel}","templated":true}]}}