{"id":52,"date":"2024-06-17T18:20:42","date_gmt":"2024-06-17T16:20:42","guid":{"rendered":"https:\/\/colorhistoire.com\/?page_id=52"},"modified":"2024-06-21T18:10:42","modified_gmt":"2024-06-21T16:10:42","slug":"cinema","status":"publish","type":"page","link":"https:\/\/colorhistoire.com\/index.php\/cinema\/","title":{"rendered":"Cin\u00e9ma"},"content":{"rendered":"<p>Faites coloriser ou recoloriser vos grands classiques du cin\u00e9ma avec un rendu des couleurs naturel. Les cin\u00e9astes pourront \u00e9galement r\u00e9duire leur d\u00e9penses sur leurs films de fiction et gagner du temps en rempla\u00e7ant la couleur sur par exemple des \u00e9l\u00e9ments de d\u00e9cor, costume et maquillage.<br \/><br \/>\nNotre m\u00e9thode de colorisation permet de garder l&rsquo;ambiance visuelle de la s\u00e9quence en ajoutant toutes les nuances de couleurs n\u00e9cessaires.<br \/><br \/>\nL&rsquo;avantage est aussi d&rsquo;avoir une grande libert\u00e9 sur le choix des couleurs.<\/p>\n\n\n<figure class=\"wp-block-gallery has-nested-images columns-default is-cropped wp-block-gallery-1 is-layout-flex wp-block-gallery-is-layout-flex\">\n<figure class=\"wp-block-image size-large\"><img loading=\"lazy\" decoding=\"async\" width=\"1024\" height=\"575\" data-id=\"212\" src=\"https:\/\/colorhistoire.com\/wp-content\/uploads\/2024\/06\/Speedster-americain-LaFrance-de-1924-1024x575.jpg\" alt=\"Speedster am\u00e9ricain LaFrance de 1924\" class=\"wp-image-212\" srcset=\"https:\/\/colorhistoire.com\/wp-content\/uploads\/2024\/06\/Speedster-americain-LaFrance-de-1924-1024x575.jpg 1024w, https:\/\/colorhistoire.com\/wp-content\/uploads\/2024\/06\/Speedster-americain-LaFrance-de-1924-300x168.jpg 300w, https:\/\/colorhistoire.com\/wp-content\/uploads\/2024\/06\/Speedster-americain-LaFrance-de-1924-768x431.jpg 768w, https:\/\/colorhistoire.com\/wp-content\/uploads\/2024\/06\/Speedster-americain-LaFrance-de-1924-1536x862.jpg 1536w, https:\/\/colorhistoire.com\/wp-content\/uploads\/2024\/06\/Speedster-americain-LaFrance-de-1924-350x197.jpg 350w, https:\/\/colorhistoire.com\/wp-content\/uploads\/2024\/06\/Speedster-americain-LaFrance-de-1924-528x297.jpg 528w, https:\/\/colorhistoire.com\/wp-content\/uploads\/2024\/06\/Speedster-americain-LaFrance-de-1924-860x484.jpg 860w, https:\/\/colorhistoire.com\/wp-content\/uploads\/2024\/06\/Speedster-americain-LaFrance-de-1924.jpg 1920w\" sizes=\"auto, (max-width: 1024px) 100vw, 1024px\" \/><\/figure>\n<\/figure>\n\n<a href=\"https:\/\/colorhistoire.com\/index.php\/contact\" class=\"button-devis\">DEVIS<\/a>","protected":false},"excerpt":{"rendered":"<p>Faites coloriser ou recoloriser vos grands classiques du cin\u00e9ma avec un rendu des couleurs naturel. Les cin\u00e9astes pourront \u00e9galement r\u00e9duire leur d\u00e9penses sur leurs films de fiction et gagner du temps en rempla\u00e7ant la couleur sur par exemple des \u00e9l\u00e9ments de d\u00e9cor, costume et maquillage. Notre m\u00e9thode de colorisation permet de garder l&rsquo;ambiance visuelle de <a class=\"more-link\" href=\"https:\/\/colorhistoire.com\/index.php\/cinema\/\">Lire plus &#8230;<\/a><\/p>\n","protected":false},"author":1,"featured_media":0,"parent":0,"menu_order":0,"comment_status":"closed","ping_status":"closed","template":"","meta":{"_monsterinsights_skip_tracking":false,"_monsterinsights_sitenote_active":false,"_monsterinsights_sitenote_note":"","_monsterinsights_sitenote_category":0,"footnotes":""},"class_list":["post-52","page","type-page","status-publish","hentry"],"aioseo_notices":[],"_links":{"self":[{"href":"https:\/\/colorhistoire.com\/index.php\/wp-json\/wp\/v2\/pages\/52","targetHints":{"allow":["GET"]}}],"collection":[{"href":"https:\/\/colorhistoire.com\/index.php\/wp-json\/wp\/v2\/pages"}],"about":[{"href":"https:\/\/colorhistoire.com\/index.php\/wp-json\/wp\/v2\/types\/page"}],"author":[{"embeddable":true,"href":"https:\/\/colorhistoire.com\/index.php\/wp-json\/wp\/v2\/users\/1"}],"replies":[{"embeddable":true,"href":"https:\/\/colorhistoire.com\/index.php\/wp-json\/wp\/v2\/comments?post=52"}],"version-history":[{"count":8,"href":"https:\/\/colorhistoire.com\/index.php\/wp-json\/wp\/v2\/pages\/52\/revisions"}],"predecessor-version":[{"id":225,"href":"https:\/\/colorhistoire.com\/index.php\/wp-json\/wp\/v2\/pages\/52\/revisions\/225"}],"wp:attachment":[{"href":"https:\/\/colorhistoire.com\/index.php\/wp-json\/wp\/v2\/media?parent=52"}],"curies":[{"name":"wp","href":"https:\/\/api.w.org\/{rel}","templated":true}]}}