{"id":63,"date":"2024-06-17T18:35:47","date_gmt":"2024-06-17T16:35:47","guid":{"rendered":"https:\/\/colorhistoire.com\/?page_id=63"},"modified":"2024-06-26T10:30:21","modified_gmt":"2024-06-26T08:30:21","slug":"accueil","status":"publish","type":"page","link":"https:\/\/colorhistoire.com\/","title":{"rendered":"Accueil"},"content":{"rendered":"<p>Color\u2019Histoire met en couleur les films pour le cin\u00e9ma et la t\u00e9l\u00e9vision. Notre m\u00e9thode vous garantit d&rsquo;avoir un rendu des couleurs naturelles.<\/p>\n<p><iframe loading=\"lazy\" width=\"780\" height=\"439\" src=\"https:\/\/www.youtube.com\/embed\/uWnrVOH2-vg?si=sAi251X79nX_NlX2?autoplay=1&#038;loop=1\" title=\"YouTube video player\" frameborder=\"0\" allow=\"accelerometer; autoplay; clipboard-write; encrypted-media; gyroscope; picture-in-picture; web-share\" referrerpolicy=\"strict-origin-when-cross-origin\" allowfullscreen><\/iframe><\/p>\n<p>La couleur dans les images est une source d&rsquo;information essentielle. Les couleurs ajoutent plus de r\u00e9ponses \u00e9motionnelles. Les films et les documentaires historiques deviennent ainsi beaucoup plus lisibles et compr\u00e9hensibles. Gr\u00e2ce \u00e0 la couleur, le taux d&rsquo;audience sera consid\u00e9rablement augment\u00e9.<\/p>\n\n\n<figure class=\"wp-block-gallery has-nested-images columns-default is-cropped wp-block-gallery-1 is-layout-flex wp-block-gallery-is-layout-flex\">\n<figure class=\"wp-block-image size-large\"><img loading=\"lazy\" decoding=\"async\" width=\"900\" height=\"500\" data-id=\"89\" src=\"https:\/\/colorhistoire.com\/wp-content\/uploads\/2024\/06\/Avion.jpg\" alt=\"Avion de chasse Fran\u00e7ais de 1940 coloris\u00e9\" class=\"wp-image-89\" srcset=\"https:\/\/colorhistoire.com\/wp-content\/uploads\/2024\/06\/Avion.jpg 900w, https:\/\/colorhistoire.com\/wp-content\/uploads\/2024\/06\/Avion-300x167.jpg 300w, https:\/\/colorhistoire.com\/wp-content\/uploads\/2024\/06\/Avion-768x427.jpg 768w\" sizes=\"auto, (max-width: 900px) 100vw, 900px\" \/><\/figure>\n<\/figure>\n\n<p>\n<img loading=\"lazy\" decoding=\"async\" width=\"500\" height=\"850\" src=\"https:\/\/colorhistoire.com\/wp-content\/uploads\/2024\/06\/Camera-final.png\" alt=\"Cam\u00e9ra Gaumont Chrono N\u00e9gatif coloris\u00e9\" class=\"wp-image-90 float-right\" srcset=\"https:\/\/colorhistoire.com\/wp-content\/uploads\/2024\/06\/Camera-final.png 500w, https:\/\/colorhistoire.com\/wp-content\/uploads\/2024\/06\/Camera-final-176x300.png 176w\" sizes=\"auto, (max-width: 500px) 100vw, 500px\" \/>\nLa mise en couleur de nombreux documentaires historiques en partenariat avec la soci\u00e9t\u00e9 Imagincolor nous a permis d&rsquo;acqu\u00e9rir une certaine exp\u00e9rience technique et artistique de la colorisation. Nous travaillons avec des historiens passionn\u00e9s \u00e0 la recherche des couleurs du pass\u00e9. Nous pouvons vous proposer une offre clef en main comprenant :\n<ul>\n<li>La recherche des couleurs<\/li>\n<li>La restauration num\u00e9rique<\/li> \n<li>La colorisation<\/li> \n<\/ul>\n<a href=\"https:\/\/colorhistoire.com\/index.php\/contact\" class=\"button-devis\">DEVIS<\/a>\n<\/p>","protected":false},"excerpt":{"rendered":"<p>Color\u2019Histoire met en couleur les films pour le cin\u00e9ma et la t\u00e9l\u00e9vision. Notre m\u00e9thode vous garantit d&rsquo;avoir un rendu des couleurs naturelles. La couleur dans les images est une source d&rsquo;information essentielle. Les couleurs ajoutent plus de r\u00e9ponses \u00e9motionnelles. Les films et les documentaires historiques deviennent ainsi beaucoup plus lisibles et compr\u00e9hensibles. Gr\u00e2ce \u00e0 la <a class=\"more-link\" href=\"https:\/\/colorhistoire.com\/\">Lire plus &#8230;<\/a><\/p>\n","protected":false},"author":1,"featured_media":0,"parent":0,"menu_order":0,"comment_status":"closed","ping_status":"closed","template":"","meta":{"_monsterinsights_skip_tracking":false,"_monsterinsights_sitenote_active":false,"_monsterinsights_sitenote_note":"","_monsterinsights_sitenote_category":0,"footnotes":""},"class_list":["post-63","page","type-page","status-publish","hentry"],"aioseo_notices":[],"_links":{"self":[{"href":"https:\/\/colorhistoire.com\/index.php\/wp-json\/wp\/v2\/pages\/63","targetHints":{"allow":["GET"]}}],"collection":[{"href":"https:\/\/colorhistoire.com\/index.php\/wp-json\/wp\/v2\/pages"}],"about":[{"href":"https:\/\/colorhistoire.com\/index.php\/wp-json\/wp\/v2\/types\/page"}],"author":[{"embeddable":true,"href":"https:\/\/colorhistoire.com\/index.php\/wp-json\/wp\/v2\/users\/1"}],"replies":[{"embeddable":true,"href":"https:\/\/colorhistoire.com\/index.php\/wp-json\/wp\/v2\/comments?post=63"}],"version-history":[{"count":21,"href":"https:\/\/colorhistoire.com\/index.php\/wp-json\/wp\/v2\/pages\/63\/revisions"}],"predecessor-version":[{"id":295,"href":"https:\/\/colorhistoire.com\/index.php\/wp-json\/wp\/v2\/pages\/63\/revisions\/295"}],"wp:attachment":[{"href":"https:\/\/colorhistoire.com\/index.php\/wp-json\/wp\/v2\/media?parent=63"}],"curies":[{"name":"wp","href":"https:\/\/api.w.org\/{rel}","templated":true}]}}