{"id":66,"date":"2024-06-17T18:39:50","date_gmt":"2024-06-17T16:39:50","guid":{"rendered":"https:\/\/colorhistoire.com\/?page_id=66"},"modified":"2024-06-21T23:30:55","modified_gmt":"2024-06-21T21:30:55","slug":"savoir-faire","status":"publish","type":"page","link":"https:\/\/colorhistoire.com\/index.php\/savoir-faire\/","title":{"rendered":"Savoir-faire"},"content":{"rendered":"<p>Apr\u00e8s avoir r\u00e9alis\u00e9 la colorisation sur de nombreux projets en tant que partenaire de la soci\u00e9t\u00e9 Imagincolor; le fondateur de Color&rsquo;Histoire, J\u00e9r\u00f4me Da Silva a mis en place une nouvelle m\u00e9thode de colorisation unique combinant l&rsquo;utilisation de deux logiciels sur mesure pour avoir un rendu des couleurs naturel et un gain de temps.<\/p>\n<p>Cette m\u00e9thode s&rsquo;adapte au cas par cas selon la p\u00e9riode historique du film.<br \/>\nOn utilise \u00e0 la fois l&rsquo;intervention humaine pour la cr\u00e9ation de couleurs artistiques et \u00e0 la fois l&rsquo;intelligence artificielle pour les t\u00e2ches r\u00e9p\u00e9titives.<\/p>\n<p>Nous poss\u00e9dons une grande base de donn\u00e9es d&rsquo;images et de couleurs de r\u00e9f\u00e9rence pour se rapprocher au plus pr\u00e8s de la r\u00e9alit\u00e9.<\/p>\n\n\n<figure class=\"wp-block-gallery has-nested-images columns-default is-cropped wp-block-gallery-1 is-layout-flex wp-block-gallery-is-layout-flex\">\n<figure class=\"wp-block-image size-large\"><img loading=\"lazy\" decoding=\"async\" width=\"1024\" height=\"593\" data-id=\"276\" src=\"https:\/\/colorhistoire.com\/wp-content\/uploads\/2024\/06\/graphics-tablet-1964816_1920-1024x593.jpg\" alt=\"graphics-tablet\" class=\"wp-image-276\" srcset=\"https:\/\/colorhistoire.com\/wp-content\/uploads\/2024\/06\/graphics-tablet-1964816_1920-1024x593.jpg 1024w, https:\/\/colorhistoire.com\/wp-content\/uploads\/2024\/06\/graphics-tablet-1964816_1920-300x174.jpg 300w, https:\/\/colorhistoire.com\/wp-content\/uploads\/2024\/06\/graphics-tablet-1964816_1920-768x444.jpg 768w, https:\/\/colorhistoire.com\/wp-content\/uploads\/2024\/06\/graphics-tablet-1964816_1920-1536x889.jpg 1536w, https:\/\/colorhistoire.com\/wp-content\/uploads\/2024\/06\/graphics-tablet-1964816_1920.jpg 1920w\" sizes=\"auto, (max-width: 1024px) 100vw, 1024px\" \/><\/figure>\n<\/figure>\n","protected":false},"excerpt":{"rendered":"<p>Apr\u00e8s avoir r\u00e9alis\u00e9 la colorisation sur de nombreux projets en tant que partenaire de la soci\u00e9t\u00e9 Imagincolor; le fondateur de Color&rsquo;Histoire, J\u00e9r\u00f4me Da Silva a mis en place une nouvelle m\u00e9thode de colorisation unique combinant l&rsquo;utilisation de deux logiciels sur mesure pour avoir un rendu des couleurs naturel et un gain de temps. Cette m\u00e9thode <a class=\"more-link\" href=\"https:\/\/colorhistoire.com\/index.php\/savoir-faire\/\">Lire plus &#8230;<\/a><\/p>\n","protected":false},"author":1,"featured_media":0,"parent":0,"menu_order":0,"comment_status":"closed","ping_status":"closed","template":"","meta":{"_monsterinsights_skip_tracking":false,"_monsterinsights_sitenote_active":false,"_monsterinsights_sitenote_note":"","_monsterinsights_sitenote_category":0,"footnotes":""},"class_list":["post-66","page","type-page","status-publish","hentry"],"aioseo_notices":[],"_links":{"self":[{"href":"https:\/\/colorhistoire.com\/index.php\/wp-json\/wp\/v2\/pages\/66","targetHints":{"allow":["GET"]}}],"collection":[{"href":"https:\/\/colorhistoire.com\/index.php\/wp-json\/wp\/v2\/pages"}],"about":[{"href":"https:\/\/colorhistoire.com\/index.php\/wp-json\/wp\/v2\/types\/page"}],"author":[{"embeddable":true,"href":"https:\/\/colorhistoire.com\/index.php\/wp-json\/wp\/v2\/users\/1"}],"replies":[{"embeddable":true,"href":"https:\/\/colorhistoire.com\/index.php\/wp-json\/wp\/v2\/comments?post=66"}],"version-history":[{"count":8,"href":"https:\/\/colorhistoire.com\/index.php\/wp-json\/wp\/v2\/pages\/66\/revisions"}],"predecessor-version":[{"id":277,"href":"https:\/\/colorhistoire.com\/index.php\/wp-json\/wp\/v2\/pages\/66\/revisions\/277"}],"wp:attachment":[{"href":"https:\/\/colorhistoire.com\/index.php\/wp-json\/wp\/v2\/media?parent=66"}],"curies":[{"name":"wp","href":"https:\/\/api.w.org\/{rel}","templated":true}]}}