{"id":69,"date":"2024-06-17T18:42:34","date_gmt":"2024-06-17T16:42:34","guid":{"rendered":"https:\/\/colorhistoire.com\/?page_id=69"},"modified":"2026-01-12T21:15:04","modified_gmt":"2026-01-12T20:15:04","slug":"films-colorises","status":"publish","type":"page","link":"https:\/\/colorhistoire.com\/index.php\/films-colorises\/","title":{"rendered":"Films coloris\u00e9s"},"content":{"rendered":"<!-- #-1 -->\n<div class=\"ligne-vignette\">\n<div class=\"vignette\">\n<iframe loading=\"lazy\" width=\"187\" height=\"105\" src=\"https:\/\/www.youtube.com\/embed\/nvp8EGUPoYg?si=cMw9l8JeF2r4eWHT\" title=\"YouTube video player\" frameborder=\"0\" allow=\"accelerometer; autoplay; clipboard-write; encrypted-media; gyroscope; picture-in-picture; web-share\" referrerpolicy=\"strict-origin-when-cross-origin\" allowfullscreen><\/iframe>\n<\/div>\n<div class=\"vignette\">\n<p>\nLa Venue de L&rsquo;avenir r\u00e9alis\u00e9 par C\u00e9dric Klapisch\n<\/p>\n<\/div>\n<div class=\"vignette\">\n<img decoding=\"async\" src=\"https:\/\/colorhistoire.com\/wp-content\/uploads\/2026\/01\/logo_cinema.jpg\" alt=\"Logo France 2\"\/>\n<\/div>\n<\/div>\n<hr class=\"divider\"\/>\n<!-- #0 -->\n<div class=\"ligne-vignette\">\n<div class=\"vignette\">\n<iframe loading=\"lazy\" width=\"187\" height=\"105\" src=\"https:\/\/www.youtube.com\/embed\/I-EK5fSFb5w?si=phqxn93HXRdT1-uM\" title=\"YouTube video player\" frameborder=\"0\" allow=\"accelerometer; autoplay; clipboard-write; encrypted-media; gyroscope; picture-in-picture; web-share\" referrerpolicy=\"strict-origin-when-cross-origin\" allowfullscreen><\/iframe>\n<\/div>\n<div class=\"vignette\">\n<p>\n1914 et soudain la guerre! r\u00e9alis\u00e9 par C\u00e9dric Gruat\n<\/p>\n<\/div>\n<div class=\"vignette\">\n<img decoding=\"async\" src=\"https:\/\/colorhistoire.com\/wp-content\/uploads\/2024\/06\/France_2.png\" alt=\"Logo France 2\"\/>\n<\/div>\n<\/div>\n<!-- <hr class=\"divider\"\/> -->\n<\/br>\n\n<p>Coloris\u00e9s et\/ou restaur\u00e9s en partenariat avec Imagincolor:<\/p>\n\n<!-- #1 -->\n<div class=\"ligne-vignette\">\n<div class=\"vignette\">\n<iframe loading=\"lazy\" width=\"187\" height=\"105\" src=\"https:\/\/www.youtube.com\/embed\/FRY0GVQ7IlA?si=pTFm-n_GH0-JlWCa\" title=\"YouTube video player\" frameborder=\"0\" allow=\"accelerometer; autoplay; clipboard-write; encrypted-media; gyroscope; picture-in-picture; web-share\" referrerpolicy=\"strict-origin-when-cross-origin\" allowfullscreen><\/iframe>\n<\/div>\n<div class=\"vignette\">\n<p>\nNos restaurants, une grande histoire fran\u00e7aise r\u00e9alis\u00e9 par Emmanuel Blanchard\n<\/p>\n<\/div>\n<div class=\"vignette\">\n<img decoding=\"async\" src=\"https:\/\/colorhistoire.com\/wp-content\/uploads\/2024\/07\/Logo-M6.png\" alt=\"Logo M6\"\/>\n<\/div>\n<\/div>\n<hr class=\"divider\"\/>\n<!-- #2 -->\n<div class=\"ligne-vignette\">\n<div class=\"vignette\">\n<iframe loading=\"lazy\" width=\"187\" height=\"105\" src=\"https:\/\/www.youtube.com\/embed\/t4NvSCgkes0?si=n7MAj4riCUNCkkYK\" title=\"YouTube video player\" frameborder=\"0\" allow=\"accelerometer; autoplay; clipboard-write; encrypted-media; gyroscope; picture-in-picture; web-share\" referrerpolicy=\"strict-origin-when-cross-origin\" allowfullscreen><\/iframe>\n<\/div>\n<div class=\"vignette\">\n<p>\nNous les ouvriers r\u00e9alis\u00e9 par Fabien B\u00e9ziat et Hugues Nancy\n<\/p>\n<\/div>\n<div class=\"vignette\">\n<img decoding=\"async\" src=\"https:\/\/colorhistoire.com\/wp-content\/uploads\/2024\/06\/France_2.png\" alt=\"Logo France 2\"\/>\n<\/div>\n<\/div>\n<hr class=\"divider\">\n<!-- #3 -->\n<div class=\"ligne-vignette\">\n<div class=\"vignette\">\n<iframe loading=\"lazy\" width=\"187\" height=\"105\" src=\"https:\/\/www.youtube.com\/embed\/ffzS8Bu7AgQ?si=WWjqhmY-fvUYzzpd\" title=\"YouTube video player\" frameborder=\"0\" allow=\"accelerometer; autoplay; clipboard-write; encrypted-media; gyroscope; picture-in-picture; web-share\" referrerpolicy=\"strict-origin-when-cross-origin\" allowfullscreen><\/iframe>\n<\/div>\n<div class=\"vignette\">\n<p>\nLa Grande Histoire de la Bretagne r\u00e9alis\u00e9 par Fr\u00e9d\u00e9ric Brunnquell\n<\/p>\n<\/div>\n<div class=\"vignette\">\n<img decoding=\"async\" src=\"https:\/\/colorhistoire.com\/wp-content\/uploads\/2024\/06\/France_3.png\" alt=\"Logo France 3\"\/>\n<\/div>\n<\/div>\n<hr class=\"divider\">\n<!-- #4 -->\n<div class=\"ligne-vignette\">\n<div class=\"vignette\">\n<iframe loading=\"lazy\" width=\"187\" height=\"105\" src=\"https:\/\/www.youtube.com\/embed\/HJle5fetPVA?si=hhbVrFjmN77GWU0s\" title=\"YouTube video player\" frameborder=\"0\" allow=\"accelerometer; autoplay; clipboard-write; encrypted-media; gyroscope; picture-in-picture; web-share\" referrerpolicy=\"strict-origin-when-cross-origin\" allowfullscreen><\/iframe>\n<\/div>\n<div class=\"vignette\">\n<p>\nNous paysans r\u00e9alis\u00e9 par Fabien B\u00e9ziat, Agn\u00e8s Poirier\n<\/p>\n<\/div>\n<div class=\"vignette\">\n<img decoding=\"async\" src=\"https:\/\/colorhistoire.com\/wp-content\/uploads\/2024\/06\/France_2.png\" alt=\"Logo France 2\"\/>\n<\/div>\n<\/div>\n<hr class=\"divider\">\n<!-- #5 -->\n<div class=\"ligne-vignette\">\n<div class=\"vignette\">\n<iframe loading=\"lazy\" width=\"187\" height=\"105\" src=\"https:\/\/www.youtube.com\/embed\/wtMMf7n0zR0?si=WUo3T7Emv3MS-OlW\" title=\"YouTube video player\" frameborder=\"0\" allow=\"accelerometer; autoplay; clipboard-write; encrypted-media; gyroscope; picture-in-picture; web-share\" referrerpolicy=\"strict-origin-when-cross-origin\" allowfullscreen><\/iframe>\n<\/div>\n<div class=\"vignette\">\n<p>\nParis romantique, Paris \u00e9rotique r\u00e9alis\u00e9 par Mathilde Damoisel\n<\/p>\n<\/div>\n<div class=\"vignette\">\n<img decoding=\"async\" src=\"https:\/\/colorhistoire.com\/wp-content\/uploads\/2024\/06\/France_3.png\" alt=\"Logo France 3\"\/>\n<\/div>\n<\/div>\n<hr class=\"divider\">\n<!-- #6 -->\n<div class=\"ligne-vignette\">\n<div class=\"vignette\">\n<iframe loading=\"lazy\" width=\"187\" height=\"105\" src=\"https:\/\/www.youtube.com\/embed\/auVI1lhYN7E?si=-rlYFcio8KJ5XWKu\" title=\"YouTube video player\" frameborder=\"0\" allow=\"accelerometer; autoplay; clipboard-write; encrypted-media; gyroscope; picture-in-picture; web-share\" referrerpolicy=\"strict-origin-when-cross-origin\" allowfullscreen><\/iframe>\n<\/div>\n<div class=\"vignette\">\n<p>\nApocalypse, Le cr\u00e9puscule d&rsquo;Hitler \u00e9crit et r\u00e9alis\u00e9 par Isabelle Clarke et Daniel Costelle\n<\/p>\n<\/div>\n<div class=\"vignette\">\n<img decoding=\"async\" src=\"https:\/\/colorhistoire.com\/wp-content\/uploads\/2024\/06\/France_2.png\" alt=\"Logo France 2\"\/>\n<\/div>\n<\/div>\n<hr class=\"divider\">\n<!-- #7 -->\n<div class=\"ligne-vignette\">\n<div class=\"vignette\">\n<iframe loading=\"lazy\" width=\"187\" height=\"105\" src=\"https:\/\/www.youtube.com\/embed\/o9AzlBdqxFc?si=oRh2VESk9b_730fV\" title=\"YouTube video player\" frameborder=\"0\" allow=\"accelerometer; autoplay; clipboard-write; encrypted-media; gyroscope; picture-in-picture; web-share\" referrerpolicy=\"strict-origin-when-cross-origin\" allowfullscreen><\/iframe>\n<\/div>\n<div class=\"vignette\">\n<p>\nDe Gaulle histoire d&rsquo;un g\u00e9ant r\u00e9alis\u00e9 par Jean-Pierre Cottet\n<\/p>\n<\/div>\n<div class=\"vignette\">\n<img decoding=\"async\" src=\"https:\/\/colorhistoire.com\/wp-content\/uploads\/2024\/06\/France_2.png\" alt=\"Logo France 2\"\/>\n<\/div>\n<\/div>\n<hr class=\"divider\">\n<!-- #8 -->\n<div class=\"ligne-vignette\">\n<div class=\"vignette\">\n<iframe loading=\"lazy\" width=\"187\" height=\"105\" src=\"https:\/\/www.youtube.com\/embed\/DhuvPcH4-BI?si=R9oTV22OgB20WllO\" title=\"YouTube video player\" frameborder=\"0\" allow=\"accelerometer; autoplay; clipboard-write; encrypted-media; gyroscope; picture-in-picture; web-share\" referrerpolicy=\"strict-origin-when-cross-origin\" allowfullscreen><\/iframe>\n<\/div>\n<div class=\"vignette\">\n<p>\nApocalypse, Hitler attaque \u00e0 l\u2019ouest r\u00e9alis\u00e9 par Isabelle Clarke, Daniel Costelle\n<\/p>\n<\/div>\n<div class=\"vignette\">\n<img decoding=\"async\" src=\"https:\/\/colorhistoire.com\/wp-content\/uploads\/2024\/06\/France_3.png\" alt=\"Logo France 3\"\/>\n<\/div>\n<\/div>\n<hr class=\"divider\">\n<!-- #9 -->\n<div class=\"ligne-vignette\">\n<div class=\"vignette\">\n<iframe loading=\"lazy\" width=\"187\" height=\"105\" src=\"https:\/\/www.youtube.com\/embed\/SnDhUpq3L7s?si=T6CwnR5z9VzdjwM5\" title=\"YouTube video player\" frameborder=\"0\" allow=\"accelerometer; autoplay; clipboard-write; encrypted-media; gyroscope; picture-in-picture; web-share\" referrerpolicy=\"strict-origin-when-cross-origin\" allowfullscreen><\/iframe>\n<\/div>\n<div class=\"vignette\">\n<p>\nLa ligne de d\u00e9marcation, une France coup\u00e9e en deux r\u00e9alis\u00e9 par Vincent de Cointet\n<\/p>\n<\/div>\n<div class=\"vignette\">\n<img decoding=\"async\" src=\"https:\/\/colorhistoire.com\/wp-content\/uploads\/2024\/06\/France_3.png\" alt=\"Logo France 3\"\/>\n<\/div>\n<\/div>\n<hr class=\"divider\">\n<!-- #10 -->\n<div class=\"ligne-vignette\">\n<div class=\"vignette\">\n<iframe loading=\"lazy\" width=\"187\" height=\"105\" src=\"https:\/\/www.youtube.com\/embed\/pyTJB4fjLqQ?si=zXqXaKWxTlBEBYeY\" title=\"YouTube video player\" frameborder=\"0\" allow=\"accelerometer; autoplay; clipboard-write; encrypted-media; gyroscope; picture-in-picture; web-share\" referrerpolicy=\"strict-origin-when-cross-origin\" allowfullscreen><\/iframe>\n<\/div>\n<div class=\"vignette\">\n<p>\nApocalypse, Hitler attaque \u00e0 l&rsquo;est r\u00e9alis\u00e9 par Isabelle Clarke, Daniel Costelle\n<\/p>\n<\/div>\n<div class=\"vignette\">\n<img decoding=\"async\" src=\"https:\/\/colorhistoire.com\/wp-content\/uploads\/2024\/06\/France_3.png\" alt=\"Logo France 3\"\/>\n<\/div>\n<\/div>\n<hr class=\"divider\">\n<!-- #11 -->\n<div class=\"ligne-vignette\">\n<div class=\"vignette\">\n<iframe loading=\"lazy\" width=\"187\" height=\"105\" src=\"https:\/\/www.youtube.com\/embed\/A5ugDHQFp6Q?si=K21gx_KO5tIdO7mb\" title=\"YouTube video player\" frameborder=\"0\" allow=\"accelerometer; autoplay; clipboard-write; encrypted-media; gyroscope; picture-in-picture; web-share\" referrerpolicy=\"strict-origin-when-cross-origin\" allowfullscreen><\/iframe>\n<\/div>\n<div class=\"vignette\">\n<p>\nBaby Division, les adolescents soldats d&rsquo;Hitler r\u00e9alis\u00e9 par Julien Johan\n<\/p>\n<\/div>\n<div class=\"vignette\">\n<img decoding=\"async\" src=\"https:\/\/colorhistoire.com\/wp-content\/uploads\/2024\/06\/France_2.png\" alt=\"Logo France 2\"\/>\n<\/div>\n<\/div>\n<hr class=\"divider\">\n<!-- #12 -->\n<div class=\"ligne-vignette\">\n<div class=\"vignette\">\n<iframe loading=\"lazy\" width=\"187\" height=\"105\" src=\"https:\/\/www.youtube.com\/embed\/5hxy5764QpM?si=px_S5oA-JCXbFTFN\" title=\"YouTube video player\" frameborder=\"0\" allow=\"accelerometer; autoplay; clipboard-write; encrypted-media; gyroscope; picture-in-picture; web-share\" referrerpolicy=\"strict-origin-when-cross-origin\" allowfullscreen><\/iframe>\n<\/div>\n<div class=\"vignette\">\n<p>\n1939, La France entre en guerre r\u00e9alis\u00e9 par Antoine Vitkine\n<\/p>\n<\/div>\n<div class=\"vignette\">\n<img decoding=\"async\" src=\"https:\/\/colorhistoire.com\/wp-content\/uploads\/2024\/06\/France_3.png\" alt=\"Logo France 3\"\/>\n<\/div>\n<\/div>\n<hr class=\"divider\">\n<!-- #13 -->\n<div class=\"ligne-vignette\">\n<div class=\"vignette\">\n<iframe loading=\"lazy\" width=\"187\" height=\"105\" src=\"https:\/\/www.youtube.com\/embed\/__xTZgW5O90?si=6VEldrNvsiqjXnac\" title=\"YouTube video player\" frameborder=\"0\" allow=\"accelerometer; autoplay; clipboard-write; encrypted-media; gyroscope; picture-in-picture; web-share\" referrerpolicy=\"strict-origin-when-cross-origin\" allowfullscreen><\/iframe>\n<\/div>\n<div class=\"vignette\">\n<p>\nApocalypse, la guerre des mondes r\u00e9alis\u00e9 par Isabelle Clarke, Daniel Costelle\n<\/p>\n<\/div>\n<div class=\"vignette\">\n<img decoding=\"async\" src=\"https:\/\/colorhistoire.com\/wp-content\/uploads\/2024\/06\/France_2.png\" alt=\"Logo France 2\"\/>\n<\/div>\n<\/div>\n<hr class=\"divider\">\n<!-- #14 -->\n<div class=\"ligne-vignette\">\n<div class=\"vignette\">\n<iframe loading=\"lazy\" width=\"187\" height=\"105\" src=\"https:\/\/www.youtube.com\/embed\/VnB5SgWyAq4?si=YrMyzj2t3KzJLKRk\" title=\"YouTube video player\" frameborder=\"0\" allow=\"accelerometer; autoplay; clipboard-write; encrypted-media; gyroscope; picture-in-picture; web-share\" referrerpolicy=\"strict-origin-when-cross-origin\" allowfullscreen><\/iframe>\n<\/div>\n<div class=\"vignette\">\n<p>\nLes vies d&rsquo;Albert Camus r\u00e9alis\u00e9 par Georges-Marc Benamou\n<\/p>\n<\/div>\n<div class=\"vignette\">\n<img decoding=\"async\" src=\"https:\/\/colorhistoire.com\/wp-content\/uploads\/2024\/06\/France_3.png\" alt=\"Logo France 3\"\/>\n<\/div>\n<\/div>\n<hr class=\"divider\">\n<!-- #15 -->\n<div class=\"ligne-vignette\">\n<div class=\"vignette\">\n<iframe loading=\"lazy\" width=\"187\" height=\"105\" src=\"https:\/\/www.youtube.com\/embed\/Br8TjUY0gDM?si=lcr-D31OjbyXR1Ie\" title=\"YouTube video player\" frameborder=\"0\" allow=\"accelerometer; autoplay; clipboard-write; encrypted-media; gyroscope; picture-in-picture; web-share\" referrerpolicy=\"strict-origin-when-cross-origin\" allowfullscreen><\/iframe>\n<\/div>\n<div class=\"vignette\">\n<p>\nHistoire de l\u2019aviation r\u00e9alis\u00e9 par Daniel Costelle et Ren\u00e9-Jean Bouyer\n<\/p>\n<\/div>\n<div class=\"vignette\">\n<img decoding=\"async\" src=\"https:\/\/colorhistoire.com\/wp-content\/uploads\/2024\/07\/RMC_Decouverte_logo.png\" alt=\"Logo RMC D\u00e9couverte\"\/>\n<\/div>\n<\/div>\n<hr class=\"divider\">\n<!-- #16 -->\n<div class=\"ligne-vignette\">\n<div class=\"vignette\">\n<iframe loading=\"lazy\" width=\"187\" height=\"105\" src=\"https:\/\/www.youtube.com\/embed\/yRUFlYv9hWA?si=AEq_PeXsPtjhAzqW\" title=\"YouTube video player\" frameborder=\"0\" allow=\"accelerometer; autoplay; clipboard-write; encrypted-media; gyroscope; picture-in-picture; web-share\" referrerpolicy=\"strict-origin-when-cross-origin\" allowfullscreen><\/iframe>\n<\/div>\n<div class=\"vignette\">\n<p>\nL&rsquo;odyss\u00e9e des for\u00e7ats de la mer r\u00e9alis\u00e9 par Fr\u00e9d\u00e9ric Brunnquell\n<\/p>\n<\/div>\n<div class=\"vignette\">\n<img decoding=\"async\" src=\"https:\/\/colorhistoire.com\/wp-content\/uploads\/2024\/06\/France_3.png\" alt=\"Logo France 3\"\/>\n<\/div>\n<\/div>\n<hr class=\"divider\">\n<!-- #17 -->\n<div class=\"ligne-vignette\">\n<div class=\"vignette\">\n<iframe loading=\"lazy\" width=\"187\" height=\"105\" src=\"https:\/\/www.youtube.com\/embed\/LjcoOCMSPLA?si=AaHrO18CCg_VGdXa\" title=\"YouTube video player\" frameborder=\"0\" allow=\"accelerometer; autoplay; clipboard-write; encrypted-media; gyroscope; picture-in-picture; web-share\" referrerpolicy=\"strict-origin-when-cross-origin\" allowfullscreen><\/iframe>\n<\/div>\n<div class=\"vignette\">\n<p>\nApocalypse, la paix impossible r\u00e9alis\u00e9 par Isabelle Clarke et Daniel Costelle\n<\/p>\n<\/div>\n<div class=\"vignette\">\n<img decoding=\"async\" src=\"https:\/\/colorhistoire.com\/wp-content\/uploads\/2024\/06\/France_2.png\" alt=\"Logo France 2\"\/>\n<\/div>\n<\/div>\n<!-- <hr class=\"divider\"> -->","protected":false},"excerpt":{"rendered":"<p>La Venue de L&rsquo;avenir r\u00e9alis\u00e9 par C\u00e9dric Klapisch 1914 et soudain la guerre! r\u00e9alis\u00e9 par C\u00e9dric Gruat Coloris\u00e9s et\/ou restaur\u00e9s en partenariat avec Imagincolor: Nos restaurants, une grande histoire fran\u00e7aise r\u00e9alis\u00e9 par Emmanuel Blanchard Nous les ouvriers r\u00e9alis\u00e9 par Fabien B\u00e9ziat et Hugues Nancy La Grande Histoire de la Bretagne r\u00e9alis\u00e9 par Fr\u00e9d\u00e9ric Brunnquell Nous <a class=\"more-link\" href=\"https:\/\/colorhistoire.com\/index.php\/films-colorises\/\">Lire plus &#8230;<\/a><\/p>\n","protected":false},"author":1,"featured_media":0,"parent":0,"menu_order":0,"comment_status":"closed","ping_status":"closed","template":"","meta":{"_monsterinsights_skip_tracking":false,"_monsterinsights_sitenote_active":false,"_monsterinsights_sitenote_note":"","_monsterinsights_sitenote_category":0,"footnotes":""},"class_list":["post-69","page","type-page","status-publish","hentry"],"aioseo_notices":[],"_links":{"self":[{"href":"https:\/\/colorhistoire.com\/index.php\/wp-json\/wp\/v2\/pages\/69","targetHints":{"allow":["GET"]}}],"collection":[{"href":"https:\/\/colorhistoire.com\/index.php\/wp-json\/wp\/v2\/pages"}],"about":[{"href":"https:\/\/colorhistoire.com\/index.php\/wp-json\/wp\/v2\/types\/page"}],"author":[{"embeddable":true,"href":"https:\/\/colorhistoire.com\/index.php\/wp-json\/wp\/v2\/users\/1"}],"replies":[{"embeddable":true,"href":"https:\/\/colorhistoire.com\/index.php\/wp-json\/wp\/v2\/comments?post=69"}],"version-history":[{"count":88,"href":"https:\/\/colorhistoire.com\/index.php\/wp-json\/wp\/v2\/pages\/69\/revisions"}],"predecessor-version":[{"id":405,"href":"https:\/\/colorhistoire.com\/index.php\/wp-json\/wp\/v2\/pages\/69\/revisions\/405"}],"wp:attachment":[{"href":"https:\/\/colorhistoire.com\/index.php\/wp-json\/wp\/v2\/media?parent=69"}],"curies":[{"name":"wp","href":"https:\/\/api.w.org\/{rel}","templated":true}]}}