{"id":73,"date":"2024-06-17T18:45:04","date_gmt":"2024-06-17T16:45:04","guid":{"rendered":"https:\/\/colorhistoire.com\/?page_id=73"},"modified":"2024-06-21T23:28:47","modified_gmt":"2024-06-21T21:28:47","slug":"contact","status":"publish","type":"page","link":"https:\/\/colorhistoire.com\/index.php\/contact\/","title":{"rendered":"Contact"},"content":{"rendered":"<div class=\"contact\">\nJ\u00e9r\u00f4me Da Silva Color\u2019Histoire &#8211; T\u00e9l\u00e9phone : <a href=\"tel:+33768017087\">07 68 01 70 87<\/a><\/div>\n<div class=\"contact\">Courriel :<br \/>\n<a href=\"mailto:colorhistoire@gmail.com\">colorhistoire@gmail.com<\/a><\/div>\n<\/div>\n<p>Notre studio est situ\u00e9 aux portes de Paris en Seine-et-Marne ce qui garantit une grande proximit\u00e9.<\/p>\n\n\n<figure class=\"wp-block-gallery has-nested-images columns-default is-cropped wp-block-gallery-1 is-layout-flex wp-block-gallery-is-layout-flex\">\n<figure class=\"wp-block-image size-large\"><img loading=\"lazy\" decoding=\"async\" width=\"1000\" height=\"700\" data-id=\"91\" src=\"https:\/\/colorhistoire.com\/wp-content\/uploads\/2024\/06\/Telephone-final.jpg\" alt=\"T\u00e9l\u00e9phone &quot;le MARTY&quot; 1910 coloris\u00e9\" class=\"wp-image-91\" srcset=\"https:\/\/colorhistoire.com\/wp-content\/uploads\/2024\/06\/Telephone-final.jpg 1000w, https:\/\/colorhistoire.com\/wp-content\/uploads\/2024\/06\/Telephone-final-300x210.jpg 300w, https:\/\/colorhistoire.com\/wp-content\/uploads\/2024\/06\/Telephone-final-768x538.jpg 768w\" sizes=\"auto, (max-width: 1000px) 100vw, 1000px\" \/><\/figure>\n<\/figure>\n","protected":false},"excerpt":{"rendered":"<p>J\u00e9r\u00f4me Da Silva Color\u2019Histoire &#8211; T\u00e9l\u00e9phone : 07 68 01 70 87 Courriel : colorhistoire@gmail.com Notre studio est situ\u00e9 aux portes de Paris en Seine-et-Marne ce qui garantit une grande proximit\u00e9.<\/p>\n","protected":false},"author":1,"featured_media":0,"parent":0,"menu_order":0,"comment_status":"closed","ping_status":"closed","template":"","meta":{"_monsterinsights_skip_tracking":false,"_monsterinsights_sitenote_active":false,"_monsterinsights_sitenote_note":"","_monsterinsights_sitenote_category":0,"footnotes":""},"class_list":["post-73","page","type-page","status-publish","hentry"],"aioseo_notices":[],"_links":{"self":[{"href":"https:\/\/colorhistoire.com\/index.php\/wp-json\/wp\/v2\/pages\/73","targetHints":{"allow":["GET"]}}],"collection":[{"href":"https:\/\/colorhistoire.com\/index.php\/wp-json\/wp\/v2\/pages"}],"about":[{"href":"https:\/\/colorhistoire.com\/index.php\/wp-json\/wp\/v2\/types\/page"}],"author":[{"embeddable":true,"href":"https:\/\/colorhistoire.com\/index.php\/wp-json\/wp\/v2\/users\/1"}],"replies":[{"embeddable":true,"href":"https:\/\/colorhistoire.com\/index.php\/wp-json\/wp\/v2\/comments?post=73"}],"version-history":[{"count":15,"href":"https:\/\/colorhistoire.com\/index.php\/wp-json\/wp\/v2\/pages\/73\/revisions"}],"predecessor-version":[{"id":275,"href":"https:\/\/colorhistoire.com\/index.php\/wp-json\/wp\/v2\/pages\/73\/revisions\/275"}],"wp:attachment":[{"href":"https:\/\/colorhistoire.com\/index.php\/wp-json\/wp\/v2\/media?parent=73"}],"curies":[{"name":"wp","href":"https:\/\/api.w.org\/{rel}","templated":true}]}}